{"id":840,"date":"2018-05-30T16:32:55","date_gmt":"2018-05-30T16:32:55","guid":{"rendered":"http:\/\/www.usspainexecutives.org\/?page_id=840"},"modified":"2018-06-29T14:03:01","modified_gmt":"2018-06-29T14:03:01","slug":"english-la-conquista-de-america-las-10-claves-para-el-exito-en-la-entrada-al-mercado-estadounidense","status":"publish","type":"page","link":"https:\/\/www.usspainexecutives.org\/en\/english-la-conquista-de-america-las-10-claves-para-el-exito-en-la-entrada-al-mercado-estadounidense\/","title":{"rendered":"(Espa\u00f1ol) La Conquista de Am\u00e9rica: Las 10 Claves para el \u00c9xito en la Entrada al Mercado Estadounidense"},"content":{"rendered":"<p class=\"qtranxs-available-languages-message qtranxs-available-languages-message-en\">Sorry, this entry is only available in <a href=\"https:\/\/www.usspainexecutives.org\/es\/wp-json\/wp\/v2\/pages\/840\" class=\"qtranxs-available-language-link qtranxs-available-language-link-es\" title=\"Espa\u00f1ol\">Espa\u00f1ol<\/a>.<\/p>","protected":false},"excerpt":{"rendered":"<p>Sorry, this entry is only available in Espa\u00f1ol.<\/p>\n","protected":false},"author":1,"featured_media":0,"parent":0,"menu_order":0,"comment_status":"closed","ping_status":"closed","template":"","meta":{"_genesis_hide_title":false,"_genesis_hide_breadcrumbs":false,"_genesis_hide_singular_image":false,"_genesis_hide_footer_widgets":false,"_genesis_custom_body_class":"","_genesis_custom_post_class":"","_genesis_layout":"","footnotes":""},"class_list":{"0":"post-840","1":"page","2":"type-page","3":"status-publish","5":"entry"},"_links":{"self":[{"href":"https:\/\/www.usspainexecutives.org\/en\/wp-json\/wp\/v2\/pages\/840","targetHints":{"allow":["GET"]}}],"collection":[{"href":"https:\/\/www.usspainexecutives.org\/en\/wp-json\/wp\/v2\/pages"}],"about":[{"href":"https:\/\/www.usspainexecutives.org\/en\/wp-json\/wp\/v2\/types\/page"}],"author":[{"embeddable":true,"href":"https:\/\/www.usspainexecutives.org\/en\/wp-json\/wp\/v2\/users\/1"}],"replies":[{"embeddable":true,"href":"https:\/\/www.usspainexecutives.org\/en\/wp-json\/wp\/v2\/comments?post=840"}],"version-history":[{"count":13,"href":"https:\/\/www.usspainexecutives.org\/en\/wp-json\/wp\/v2\/pages\/840\/revisions"}],"predecessor-version":[{"id":1440,"href":"https:\/\/www.usspainexecutives.org\/en\/wp-json\/wp\/v2\/pages\/840\/revisions\/1440"}],"wp:attachment":[{"href":"https:\/\/www.usspainexecutives.org\/en\/wp-json\/wp\/v2\/media?parent=840"}],"curies":[{"name":"wp","href":"https:\/\/api.w.org\/{rel}","templated":true}]}}